{"id":74,"date":"2015-04-14T00:29:24","date_gmt":"2015-04-13T22:29:24","guid":{"rendered":"https:\/\/www.neo-life.de\/html\/?page_id=74"},"modified":"2020-12-22T11:02:04","modified_gmt":"2020-12-22T10:02:04","slug":"startseite","status":"publish","type":"page","link":"https:\/\/www.neo-life.de\/html\/","title":{"rendered":"Startseite Neo-Life"},"content":{"rendered":"<h5 style=\"text-align: center;\"><strong>Willkommen bei den Profis f\u00fcr LED Beleuchtung. <\/strong><\/h5>\n<h5 style=\"text-align: center;\"><strong> Wir unterst\u00fctzen Sie beim<\/strong><\/h5>\n<ul style=\"list-style-type: disc;\">\n<li style=\"text-align: center;\"><strong> Austausch Ihrer Leuchtmittel durch moderne und sehr energiesparende adaptierte LED Leuchten.<\/strong><\/li>\n<li style=\"text-align: center;\"><strong> beim Austausch Ihrer kompletten Leuchtsysteme.<\/strong><\/li>\n<li style=\"text-align: center;\"><strong> bei der Neuanlage energiesparender Beleuchtungssysteme.<\/strong><\/li>\n<\/ul>\n<h5 style=\"text-align: center;\"><strong>Dazu finden Sie bei uns alles, was Sie brauchen:<\/strong><\/h5>\n<ul style=\"list-style-type: disc;\">\n<li style=\"text-align: center;\"><strong>das ben\u00f6tigte Zubeh\u00f6r<\/strong><\/li>\n<li style=\"text-align: center;\"><strong>unsere Erfahrung<br \/>\n<\/strong><strong> <\/strong><\/li>\n<\/ul>\n<table style=\"height: 650px;\" width=\"782\">\n<tbody>\n<tr>\n<td>\n<div id=\"attachment_1136\" style=\"width: 530px\" class=\"wp-caption alignleft\"><a style=\"color: #0000ff;\" href=\"https:\/\/www.neo-life.de\/html\/industrial-commercial\/hallenstrahler\/hallenstrahler-hb-t\/\"><img loading=\"lazy\" decoding=\"async\" aria-describedby=\"caption-attachment-1136\" class=\"wp-image-1136\" src=\"https:\/\/www.neo-life.de\/html\/wp-content\/uploads\/2015\/04\/classic-832_1wrk-e1439476157592.jpg\" alt=\"HB-T200W\" width=\"520\" height=\"355\" srcset=\"https:\/\/www.neo-life.de\/html\/wp-content\/uploads\/2015\/04\/classic-832_1wrk-e1439476157592.jpg 520w, https:\/\/www.neo-life.de\/html\/wp-content\/uploads\/2015\/04\/classic-832_1wrk-e1439476157592-300x205.jpg 300w, https:\/\/www.neo-life.de\/html\/wp-content\/uploads\/2015\/04\/classic-832_1wrk-e1439476157592-105x72.jpg 105w\" sizes=\"auto, (max-width: 520px) 100vw, 520px\" \/><\/a><p id=\"caption-attachment-1136\" class=\"wp-caption-text\">Neuer LED Hallenstrahler HB-T200W aus der Serie HB-T<\/p><\/div><\/td>\n<td>\n<h6><strong>High bay Tube<\/strong><\/h6>\n<p>HB-T150\/T200W, ein v\u00f6llig neuer Ansatz f\u00fcr LED Hallenbeleuchtung mit extrem hoher Helligkeit. Die bessere Alternative f\u00fcr Lager- und Produktionshallen neben den herk\u00f6mmlichen Hallenbeleuchtungen. HB-T200W mit der fortschrittlichen LED Hallenbeleuchtungstechnologie von HB Eigenschaften:<\/p>\n<ul style=\"list-style-type: disc;\">\n<li>IP65\uff0cRostfrei, Spritzwasser- und Staubschutz<\/li>\n<li>Geeignet f\u00fcr Montage in 8 bis 12m H\u00f6he<\/li>\n<li>22000 Lumen max<\/li>\n<li>Spitzenqualit\u00e4t: Meanwell Treiber<\/li>\n<li>5 Jahre Garantie<\/li>\n<li>Patentiertes Design<\/li>\n<\/ul>\n<\/td>\n<\/tr>\n<tr>\n<td><a href=\"https:\/\/web.archive.org\/web\/20190930233635\/http:\/\/www.neo-life.de\/html\/wp-content\/uploads\/2015\/04\/t%C3%BCv.png\"><img loading=\"lazy\" decoding=\"async\" class=\" wp-image-1132 alignright\" src=\"https:\/\/web.archive.org\/web\/20190930233635\/http:\/\/www.neo-life.de\/html\/wp-content\/uploads\/2015\/04\/t%C3%BCv.png\" alt=\"t\u00fcv\" width=\"200\" height=\"81\"><\/a><\/td>\n<td>&nbsp;<a href=\"https:\/\/www.neo-life.de\/html\/wp-content\/uploads\/2015\/04\/ce.png\"><img loading=\"lazy\" decoding=\"async\" class=\" wp-image-1133 alignleft\" src=\"https:\/\/www.neo-life.de\/html\/wp-content\/uploads\/2015\/04\/ce.png\" alt=\"ce\" width=\"200\" height=\"44\" srcset=\"https:\/\/www.neo-life.de\/html\/wp-content\/uploads\/2015\/04\/ce.png 493w, https:\/\/www.neo-life.de\/html\/wp-content\/uploads\/2015\/04\/ce-300x66.png 300w, https:\/\/www.neo-life.de\/html\/wp-content\/uploads\/2015\/04\/ce-105x23.png 105w\" sizes=\"auto, (max-width: 200px) 100vw, 200px\" \/><\/a><\/td>\n<\/tr>\n<tr>\n<td>\n<div id=\"attachment_1177\" style=\"width: 539px\" class=\"wp-caption alignleft\"><a href=\"https:\/\/www.neo-life.de\/html\/?page_id=1216\"><img loading=\"lazy\" decoding=\"async\" aria-describedby=\"caption-attachment-1177\" class=\"wp-image-1177\" src=\"https:\/\/www.neo-life.de\/html\/wp-content\/uploads\/2015\/04\/model3.jpg\" alt=\"High Bay Bracket Tube Model\" width=\"529\" height=\"352\" srcset=\"https:\/\/www.neo-life.de\/html\/wp-content\/uploads\/2015\/04\/model3.jpg 800w, https:\/\/www.neo-life.de\/html\/wp-content\/uploads\/2015\/04\/model3-672x448.jpg 672w, https:\/\/www.neo-life.de\/html\/wp-content\/uploads\/2015\/04\/model3-300x200.jpg 300w, https:\/\/www.neo-life.de\/html\/wp-content\/uploads\/2015\/04\/model3-600x400.jpg 600w, https:\/\/www.neo-life.de\/html\/wp-content\/uploads\/2015\/04\/model3-105x70.jpg 105w\" sizes=\"auto, (max-width: 529px) 100vw, 529px\" \/><\/a><p id=\"caption-attachment-1177\" class=\"wp-caption-text\">High Bay Bracket Tube Model T20 &#8211; Integrierte T8 Ersatzl\u00f6sung<\/p><\/div><\/td>\n<td><strong>Integrierte T8 Ersatzl\u00f6sung<\/strong><\/p>\n<p>Die perfekte Austauschl\u00f6sung f\u00fcr 2x36W und 2x58W Leuchtstoffr\u00f6hren.<\/p>\n<ul style=\"list-style-type: disc;\">\n<li>Einfache und schnelle Installation<\/li>\n<li>Besseres K\u00fchlverhalten<\/li>\n<li>Einfache Aneinanderreihung durch bewegliche Kopplung von T20 zu T20<\/li>\n<li>H\u00f6here Lichtausbeute (80W) auch in 40W oder 60W erh\u00e4ltlich<\/li>\n<li>5 Jahres-Garantie<\/li>\n<li>CE, Rohs<\/li>\n<\/ul>\n<\/td>\n<\/tr>\n<tr>\n<td>&nbsp;<\/td>\n<td><a href=\"https:\/\/www.neo-life.de\/html\/wp-content\/uploads\/2015\/04\/ce.png\"><img loading=\"lazy\" decoding=\"async\" class=\" wp-image-1133 alignleft\" src=\"https:\/\/www.neo-life.de\/html\/wp-content\/uploads\/2015\/04\/ce.png\" alt=\"ce\" width=\"200\" height=\"44\" srcset=\"https:\/\/www.neo-life.de\/html\/wp-content\/uploads\/2015\/04\/ce.png 493w, https:\/\/www.neo-life.de\/html\/wp-content\/uploads\/2015\/04\/ce-300x66.png 300w, https:\/\/www.neo-life.de\/html\/wp-content\/uploads\/2015\/04\/ce-105x23.png 105w\" sizes=\"auto, (max-width: 200px) 100vw, 200px\" \/><\/a><\/td>\n<\/tr>\n<tr>\n<td>\n<div id=\"attachment_292\" style=\"width: 457px\" class=\"wp-caption alignleft\"><a href=\"https:\/\/www.neo-life.de\/html\/?page_id=308\"><img loading=\"lazy\" decoding=\"async\" aria-describedby=\"caption-attachment-292\" class=\"wp-image-292 size-full\" src=\"https:\/\/www.neo-life.de\/html\/wp-content\/uploads\/2015\/04\/Envoy-e1441371417404.jpg\" alt=\"LED T8 Steckr\u00f6hren-System \" width=\"447\" height=\"289\" srcset=\"https:\/\/www.neo-life.de\/html\/wp-content\/uploads\/2015\/04\/Envoy-e1441371417404.jpg 447w, https:\/\/www.neo-life.de\/html\/wp-content\/uploads\/2015\/04\/Envoy-e1441371417404-300x194.jpg 300w, https:\/\/www.neo-life.de\/html\/wp-content\/uploads\/2015\/04\/Envoy-e1441371417404-105x68.jpg 105w\" sizes=\"auto, (max-width: 447px) 100vw, 447px\" \/><\/a><p id=\"caption-attachment-292\" class=\"wp-caption-text\">LED T8 Steckr\u00f6hren-System mit SMD-Technologie<\/p><\/div><\/td>\n<td><strong>Erweiterbares LED T8 Steckr\u00f6hren-System mit SMD-Technologie<\/strong><\/p>\n<p>Das neue LED T8 Steckr\u00f6hren-System kann ganz einfach zusammengesteckt oder mit unserem umfangreichen Zubeh\u00f6r verwendet werden, um Netze und geformte Beleuchtungsfelder zu schaffen. Gegen\u00fcber konventionellen Leuchtstoffr\u00f6hren erscheint das neue LED T8 Steckr\u00f6hren-System besonders leicht und elegant, da die R\u00f6hre an sich leuchtet und kein Geh\u00e4use ben\u00f6tigt wird. Es wird von unscheinbaren Klipps gehalten. <strong>Es k\u00f6nnen bis zu 30m Gesamtl\u00e4nge hintereinander gesteckt werden je Anschlusskabel.<\/strong><\/td>\n<\/tr>\n<tr>\n<td>\n<div id=\"attachment_1112\" style=\"width: 530px\" class=\"wp-caption alignleft\"><a href=\"https:\/\/www.neo-life.de\/html\/?page_id=1090\"><img loading=\"lazy\" decoding=\"async\" aria-describedby=\"caption-attachment-1112\" class=\"wp-image-1112\" src=\"https:\/\/www.neo-life.de\/html\/wp-content\/uploads\/2015\/04\/DewDrop-Cold-White1.jpg\" alt=\"Neo Life Dew Drop Cold White\" width=\"520\" height=\"348\" srcset=\"https:\/\/www.neo-life.de\/html\/wp-content\/uploads\/2015\/04\/DewDrop-Cold-White1.jpg 3872w, https:\/\/www.neo-life.de\/html\/wp-content\/uploads\/2015\/04\/DewDrop-Cold-White1-672x450.jpg 672w, https:\/\/www.neo-life.de\/html\/wp-content\/uploads\/2015\/04\/DewDrop-Cold-White1-300x201.jpg 300w, https:\/\/www.neo-life.de\/html\/wp-content\/uploads\/2015\/04\/DewDrop-Cold-White1-1024x685.jpg 1024w, https:\/\/www.neo-life.de\/html\/wp-content\/uploads\/2015\/04\/DewDrop-Cold-White1-600x400.jpg 600w, https:\/\/www.neo-life.de\/html\/wp-content\/uploads\/2015\/04\/DewDrop-Cold-White1-105x70.jpg 105w\" sizes=\"auto, (max-width: 520px) 100vw, 520px\" \/><\/a><p id=\"caption-attachment-1112\" class=\"wp-caption-text\">Neo Life Dew Drop Cold White<\/p><\/div><\/td>\n<td><strong>LED DEWDROP Lichter<\/strong><\/p>\n<p>LED DEWDROP Lichterkette wurde mit der modernsten SMD-LED Technolgie entwickelt.<br \/>\nDer feine, kaum sichtbare Kupferdraht erm\u00f6glicht eine Dicke von nur 1.0-2.5 mm und so ist sie im Vergleich zu herk\u00f6mmlichen LED-Ketten sehr viel d\u00fcnner und<br \/>\nflexibler.<br \/>\nAnfertigung hoch anpassungsf\u00e4hig. Kundenw\u00fcnschen kann weit gehend nach gegangen werden.<br \/>\nUnser Standard ist:<br \/>\n&nbsp;&nbsp;&nbsp;&nbsp;&nbsp;&nbsp;&nbsp;&nbsp; 700LEDs f\u00fcr 28 Str\u00e4ngein einer L\u00e4nge von 2.5 m<\/p>\n<p><a href=\"https:\/\/www.neo-life.de\/html\/?page_id=1090\">Einige Beispiele<\/a><\/p>\n<ul style=\"list-style-type: disc;\">\n<li>Batteriebetrieben<\/li>\n<li>Dimmbar<\/li>\n<li>Flash<\/li>\n<li>Farbwechsel in RGB<\/li>\n<li>Die Form der einzelnen LEDs ist unbegrenzt anpassbar: Herzchen, Bl\u00fcten, Bl\u00e4tter, Schneeflocken u. v. m.<\/li>\n<\/ul>\n<\/td>\n<\/tr>\n<tr>\n<td>&nbsp;<a href=\"https:\/\/www.neo-life.de\/html\/wp-content\/uploads\/2015\/04\/TR.jpg\"><img loading=\"lazy\" decoding=\"async\" class=\"alignleft size-full wp-image-1304\" src=\"https:\/\/www.neo-life.de\/html\/wp-content\/uploads\/2015\/04\/TR.jpg\" alt=\"Tiefgarage \/ Parkhaus\" width=\"705\" height=\"463\" srcset=\"https:\/\/www.neo-life.de\/html\/wp-content\/uploads\/2015\/04\/TR.jpg 705w, https:\/\/www.neo-life.de\/html\/wp-content\/uploads\/2015\/04\/TR-672x441.jpg 672w, https:\/\/www.neo-life.de\/html\/wp-content\/uploads\/2015\/04\/TR-300x197.jpg 300w, https:\/\/www.neo-life.de\/html\/wp-content\/uploads\/2015\/04\/TR-105x69.jpg 105w\" sizes=\"auto, (max-width: 705px) 100vw, 705px\" \/><\/a><\/td>\n<td><strong>LED Beleuchtung f\u00fcr Tiefgarage \/ Parkhaus<br \/>\nTR \u2013 Dreifach-Schutz<br \/>\n<\/strong><\/p>\n<ul style=\"list-style-type: disc;\">\n<li>IP65, korrosionsfest, staubdicht und strahlwassergesch\u00fctzt<\/li>\n<li>Einfache Aneinanderreihung durch bewegliche Kopplung von TR zu TR<\/li>\n<li>Schnelle Montage<\/li>\n<li>Hohe Lichtleistung: 115lm\/W<\/li>\n<li>gro\u00dfer Abstrahlwinkel besonders geeignet&nbsp; f\u00fcr Parkh\u00e4user und Industrie<\/li>\n<li>Beste K\u00fchleigenschaften durch spezielles Aluminiumgeh\u00e4use<\/li>\n<li>5 Jahre Garantie&nbsp;&nbsp;&nbsp;&nbsp; CE, RoHS Zertifiziert<\/li>\n<\/ul>\n<\/td>\n<\/tr>\n<\/tbody>\n<\/table>\n<p>&nbsp;<\/p>\n<p>&nbsp;<\/p>\n<p>&nbsp;<\/p>\n","protected":false},"excerpt":{"rendered":"<p>Willkommen bei den Profis f\u00fcr LED Beleuchtung. Wir unterst\u00fctzen Sie beim Austausch Ihrer Leuchtmittel durch moderne und sehr energiesparende adaptierte LED Leuchten. beim Austausch Ihrer kompletten Leuchtsysteme. bei der Neuanlage energiesparender Beleuchtungssysteme. Dazu finden Sie bei<a class=\"moretag\" href=\"https:\/\/www.neo-life.de\/html\/\">Read More&#8230;<\/a><\/p>\n","protected":false},"author":1,"featured_media":0,"parent":0,"menu_order":0,"comment_status":"closed","ping_status":"closed","template":"","meta":{"footnotes":""},"class_list":["post-74","page","type-page","status-publish","hentry"],"aioseo_notices":[],"_links":{"self":[{"href":"https:\/\/www.neo-life.de\/html\/wp-json\/wp\/v2\/pages\/74","targetHints":{"allow":["GET"]}}],"collection":[{"href":"https:\/\/www.neo-life.de\/html\/wp-json\/wp\/v2\/pages"}],"about":[{"href":"https:\/\/www.neo-life.de\/html\/wp-json\/wp\/v2\/types\/page"}],"author":[{"embeddable":true,"href":"https:\/\/www.neo-life.de\/html\/wp-json\/wp\/v2\/users\/1"}],"replies":[{"embeddable":true,"href":"https:\/\/www.neo-life.de\/html\/wp-json\/wp\/v2\/comments?post=74"}],"version-history":[{"count":93,"href":"https:\/\/www.neo-life.de\/html\/wp-json\/wp\/v2\/pages\/74\/revisions"}],"predecessor-version":[{"id":2394,"href":"https:\/\/www.neo-life.de\/html\/wp-json\/wp\/v2\/pages\/74\/revisions\/2394"}],"wp:attachment":[{"href":"https:\/\/www.neo-life.de\/html\/wp-json\/wp\/v2\/media?parent=74"}],"curies":[{"name":"wp","href":"https:\/\/api.w.org\/{rel}","templated":true}]}}