{"id":23,"date":"2015-04-14T00:16:05","date_gmt":"2015-04-13T22:16:05","guid":{"rendered":"https:\/\/www.neo-life.de\/html\/?page_id=23"},"modified":"2015-09-25T09:56:41","modified_gmt":"2015-09-25T07:56:41","slug":"lichtloesungen","status":"publish","type":"page","link":"https:\/\/www.neo-life.de\/html\/lichtloesungen\/","title":{"rendered":"Lichtl\u00f6sungen"},"content":{"rendered":"<div id=\"content\" class=\"west\">\n<h2>Lichtl\u00f6sungen<\/h2>\n<p>Wir sind Hersteller von energieeffizienter und umweltfreundlicher LED-Lichttechnik. Erg\u00e4nzend bieten wir Ihnen individuell auf Ihre Bed\u00fcrfnisse zugeschnittene L\u00f6sungen &#8211; von der Analyse \u00fcber Planung, Umsetzung und Finanzierung bis hin zum Lichtanlagen-Service und technischem Support nach der Installation der Beleuchtungsanlage. W\u00e4hlen Sie die Module aus unserem Leistungsspektrum die Sie ben\u00f6tigen. \u00a0<\/p><\/div>\n","protected":false},"excerpt":{"rendered":"<p>Lichtl\u00f6sungen Wir sind Hersteller von energieeffizienter und umweltfreundlicher LED-Lichttechnik. Erg\u00e4nzend bieten wir Ihnen individuell auf Ihre Bed\u00fcrfnisse zugeschnittene L\u00f6sungen &#8211; von der Analyse \u00fcber Planung, Umsetzung und Finanzierung bis hin zum Lichtanlagen-Service und technischem Support nach<a class=\"moretag\" href=\"https:\/\/www.neo-life.de\/html\/lichtloesungen\/\">Read More&#8230;<\/a><\/p>\n","protected":false},"author":1,"featured_media":0,"parent":0,"menu_order":0,"comment_status":"closed","ping_status":"closed","template":"","meta":{"footnotes":""},"class_list":["post-23","page","type-page","status-publish","hentry"],"aioseo_notices":[],"_links":{"self":[{"href":"https:\/\/www.neo-life.de\/html\/wp-json\/wp\/v2\/pages\/23","targetHints":{"allow":["GET"]}}],"collection":[{"href":"https:\/\/www.neo-life.de\/html\/wp-json\/wp\/v2\/pages"}],"about":[{"href":"https:\/\/www.neo-life.de\/html\/wp-json\/wp\/v2\/types\/page"}],"author":[{"embeddable":true,"href":"https:\/\/www.neo-life.de\/html\/wp-json\/wp\/v2\/users\/1"}],"replies":[{"embeddable":true,"href":"https:\/\/www.neo-life.de\/html\/wp-json\/wp\/v2\/comments?post=23"}],"version-history":[{"count":4,"href":"https:\/\/www.neo-life.de\/html\/wp-json\/wp\/v2\/pages\/23\/revisions"}],"predecessor-version":[{"id":1322,"href":"https:\/\/www.neo-life.de\/html\/wp-json\/wp\/v2\/pages\/23\/revisions\/1322"}],"wp:attachment":[{"href":"https:\/\/www.neo-life.de\/html\/wp-json\/wp\/v2\/media?parent=23"}],"curies":[{"name":"wp","href":"https:\/\/api.w.org\/{rel}","templated":true}]}}