{"id":2072,"date":"2019-08-13T15:04:07","date_gmt":"2019-08-13T13:04:07","guid":{"rendered":"https:\/\/www.neo-life.de\/html\/?page_id=2072"},"modified":"2020-07-12T00:09:41","modified_gmt":"2020-07-11T22:09:41","slug":"silicon-led-neon-flex-band-rgb-24v-10x18mm-mit-96-ledm","status":"publish","type":"page","link":"https:\/\/www.neo-life.de\/html\/silicon-led-neon-flex-band-rgb-24v-10x18mm-mit-96-ledm\/","title":{"rendered":"Silicon LED Neon-Flex Band RGB 24V 10X18MM mit 96 LED\/m"},"content":{"rendered":"<p class=\"entry-title\"><span style=\"color: #808080;\"><a href=\"https:\/\/www.neo-life.de\/html\/neon-flex-band-rgb-24v\/\"><span style=\"text-decoration: underline; color: #999999;\">FS-5050-60L-LV-RGB<\/span><\/a><br \/>\n <span style=\"color: #999999;\"><a style=\"color: #999999;\" href=\"https:\/\/www.neo-life.de\/html\/neon-flex-rgb-zubehoer\/\"><span style=\"text-decoration: underline;\">Neon-Flex RGB Zubeh\u00f6r 24V oder 240V<\/span><\/a><\/span><\/span><\/p>\n<p>\n <a href=\"https:\/\/www.neo-life.de\/html\/neon-flex-band-rgb-24v\/rgb-neonflex\/\" rel=\"attachment wp-att-876\"><img loading=\"lazy\" decoding=\"async\" class=\"alignleft size-thumbnail wp-image-876\" src=\"https:\/\/www.neo-life.de\/html\/wp-content\/uploads\/2015\/08\/RGB-NeonFLex-150x150.jpg\" alt=\"Neo Life Neon Flex-RGB\" width=\"150\" height=\"150\" srcset=\"https:\/\/www.neo-life.de\/html\/wp-content\/uploads\/2015\/08\/RGB-NeonFLex-150x150.jpg 150w, https:\/\/www.neo-life.de\/html\/wp-content\/uploads\/2015\/08\/RGB-NeonFLex-100x100.jpg 100w, https:\/\/www.neo-life.de\/html\/wp-content\/uploads\/2015\/08\/RGB-NeonFLex-300x300.jpg 300w, https:\/\/www.neo-life.de\/html\/wp-content\/uploads\/2015\/08\/RGB-NeonFLex-220x220.jpg 220w\" sizes=\"auto, (max-width: 150px) 100vw, 150px\" \/><\/a><\/p>\n<p>&nbsp;<\/p>\n<p>&nbsp;<\/p>\n<p>&nbsp;<\/p>\n<h2>FS-5050S-24V-RGB<\/h2>\n<p><a href=\"https:\/\/www.neo-life.de\/html\/neon-flex-band-240v\/impuls-doku_3b\/\" rel=\"attachment wp-att-942\"><img loading=\"lazy\" decoding=\"async\" class=\"wp-image-942 size-large alignright\" src=\"https:\/\/www.neo-life.de\/html\/wp-content\/uploads\/2015\/04\/Impuls-Doku_3b-1024x683.jpg\" alt=\"LED Neon Flex RGB\" width=\"604\" height=\"403\" srcset=\"https:\/\/www.neo-life.de\/html\/wp-content\/uploads\/2015\/04\/Impuls-Doku_3b-1024x683.jpg 1024w, https:\/\/www.neo-life.de\/html\/wp-content\/uploads\/2015\/04\/Impuls-Doku_3b-672x448.jpg 672w, https:\/\/www.neo-life.de\/html\/wp-content\/uploads\/2015\/04\/Impuls-Doku_3b-300x200.jpg 300w, https:\/\/www.neo-life.de\/html\/wp-content\/uploads\/2015\/04\/Impuls-Doku_3b-600x400.jpg 600w, https:\/\/www.neo-life.de\/html\/wp-content\/uploads\/2015\/04\/Impuls-Doku_3b-105x70.jpg 105w, https:\/\/www.neo-life.de\/html\/wp-content\/uploads\/2015\/04\/Impuls-Doku_3b.jpg 1200w\" sizes=\"auto, (max-width: 604px) 100vw, 604px\" \/><\/a><\/p>\n<p>&nbsp;<\/p>\n<div id=\"attachment_788\" style=\"width: 972px\" class=\"wp-caption alignright\"><img loading=\"lazy\" decoding=\"async\" aria-describedby=\"caption-attachment-788\" class=\"wp-image-788 size-full\" src=\"https:\/\/www.neo-life.de\/html\/wp-content\/uploads\/2015\/08\/Banner3.jpg\" alt=\"Neo Life Neon Flex-RGB\" width=\"962\" height=\"430\" srcset=\"https:\/\/www.neo-life.de\/html\/wp-content\/uploads\/2015\/08\/Banner3.jpg 962w, https:\/\/www.neo-life.de\/html\/wp-content\/uploads\/2015\/08\/Banner3-672x300.jpg 672w, https:\/\/www.neo-life.de\/html\/wp-content\/uploads\/2015\/08\/Banner3-300x134.jpg 300w, https:\/\/www.neo-life.de\/html\/wp-content\/uploads\/2015\/08\/Banner3-604x270.jpg 604w, https:\/\/www.neo-life.de\/html\/wp-content\/uploads\/2015\/08\/Banner3-105x47.jpg 105w\" sizes=\"auto, (max-width: 962px) 100vw, 962px\" \/><p id=\"caption-attachment-788\" class=\"wp-caption-text\">Neo Life Neon Flex-RGB<\/p><\/div> <div id=\"attachment_2073\" style=\"width: 1346px\" class=\"wp-caption aligncenter\"><a href=\"https:\/\/www.neo-life.de\/html\/?attachment_id=2073\" rel=\"attachment wp-att-1620\"><img loading=\"lazy\" decoding=\"async\" aria-describedby=\"caption-attachment-2073\" class=\"wp-image-2073 size-full\" src=\"https:\/\/www.neo-life.de\/html\/wp-content\/uploads\/2019\/08\/FS-5050S-24V-RGB.jpg\" alt=\"\" width=\"1336\" height=\"683\" srcset=\"https:\/\/www.neo-life.de\/html\/wp-content\/uploads\/2019\/08\/FS-5050S-24V-RGB.jpg 1336w, https:\/\/www.neo-life.de\/html\/wp-content\/uploads\/2019\/08\/FS-5050S-24V-RGB-672x344.jpg 672w, https:\/\/www.neo-life.de\/html\/wp-content\/uploads\/2019\/08\/FS-5050S-24V-RGB-300x153.jpg 300w, https:\/\/www.neo-life.de\/html\/wp-content\/uploads\/2019\/08\/FS-5050S-24V-RGB-768x393.jpg 768w, https:\/\/www.neo-life.de\/html\/wp-content\/uploads\/2019\/08\/FS-5050S-24V-RGB-1024x523.jpg 1024w\" sizes=\"auto, (max-width: 1336px) 100vw, 1336px\" \/><\/a><p id=\"caption-attachment-2073\" class=\"wp-caption-text\">RGB<\/p><\/div>\n<p><a href=\"https:\/\/www.neo-life.de\/html\/?attachment_id=2075\">Produktdatenblatt pdf<\/a><\/p>\n<p><strong><a href=\"https:\/\/www.neo-life.de\/html\/wp-content\/uploads\/2015\/08\/Neon-Flex-Installation-.pdf\">Neon Flex Installation + Insatallationsanweisung<\/a><\/strong><\/p>\n<p><span style=\"font-size: 8pt;\">W I C H T I G E\u00a0\u00a0\u00a0\u00a0 B E D I N G U N G E N<\/span><\/p>\n<p> <span style=\"font-size: 8pt;\">\u00c4nderung und Korrektur der technischen Daten vorbehalten.<\/span><br \/>\n <span style=\"font-size: 8pt;\">Die Gew\u00e4hrleistung erfolgt ausschliesslich f\u00fcr den Zustand der Ware bei Lieferung.<\/span><br \/>\n <span style=\"font-size: 8pt;\">Nach Ver\u00e4nderung, Modifizierung, St\u00fcckelung, Verbindung oder Installation der Wareerfolgt die Gew\u00e4hrleistung ausschliesslich nach den Regelungen der Neo-Life Europe GmbH AGB<\/span><br \/>\n <span style=\"font-size: 8pt;\">*Alle IP 65 Outdoor Produkte d\u00fcrfen ausschliesslich mit 100% wasserdicht versiegeltenVerbindungen und Abschl\u00fcssen installiert werden.<\/span><br \/>\n <span style=\"font-size: 8pt;\">Bei Zuwiderhandlung wird die Gew\u00e4hrleistung der Neo-Life Europe GmbH auf das verkaufte Produkt unwirksam.\u00a0<br \/>\n <a href=\"https:\/\/www.neo-life.de\/html\/silicon-led-neon-flex-band-rgb-24v-10x18mm-mit-96-ledm\/neon-flex-stripe-rgb-fs-5050s-96l-24v\/\" rel=\"attachment wp-att-2075\">Neon Flex Stripe RGB FS-5050S-96L-24V<\/a><br \/>\n <\/span><\/p>\n","protected":false},"excerpt":{"rendered":"<p>FS-5050-60L-LV-RGB Neon-Flex RGB Zubeh\u00f6r 24V oder 240V &nbsp; &nbsp; &nbsp; FS-5050S-24V-RGB &nbsp; Produktdatenblatt pdf Neon Flex Installation + Insatallationsanweisung W I C H T I G E\u00a0\u00a0\u00a0\u00a0 B E D I N G U N G<a class=\"moretag\" href=\"https:\/\/www.neo-life.de\/html\/silicon-led-neon-flex-band-rgb-24v-10x18mm-mit-96-ledm\/\">Read More&#8230;<\/a><\/p>\n","protected":false},"author":2,"featured_media":0,"parent":0,"menu_order":0,"comment_status":"closed","ping_status":"closed","template":"","meta":{"footnotes":""},"class_list":["post-2072","page","type-page","status-publish","hentry"],"aioseo_notices":[],"_links":{"self":[{"href":"https:\/\/www.neo-life.de\/html\/wp-json\/wp\/v2\/pages\/2072","targetHints":{"allow":["GET"]}}],"collection":[{"href":"https:\/\/www.neo-life.de\/html\/wp-json\/wp\/v2\/pages"}],"about":[{"href":"https:\/\/www.neo-life.de\/html\/wp-json\/wp\/v2\/types\/page"}],"author":[{"embeddable":true,"href":"https:\/\/www.neo-life.de\/html\/wp-json\/wp\/v2\/users\/2"}],"replies":[{"embeddable":true,"href":"https:\/\/www.neo-life.de\/html\/wp-json\/wp\/v2\/comments?post=2072"}],"version-history":[{"count":7,"href":"https:\/\/www.neo-life.de\/html\/wp-json\/wp\/v2\/pages\/2072\/revisions"}],"predecessor-version":[{"id":2359,"href":"https:\/\/www.neo-life.de\/html\/wp-json\/wp\/v2\/pages\/2072\/revisions\/2359"}],"wp:attachment":[{"href":"https:\/\/www.neo-life.de\/html\/wp-json\/wp\/v2\/media?parent=2072"}],"curies":[{"name":"wp","href":"https:\/\/api.w.org\/{rel}","templated":true}]}}