{"id":2059,"date":"2019-08-13T12:19:53","date_gmt":"2019-08-13T10:19:53","guid":{"rendered":"https:\/\/www.neo-life.de\/html\/?page_id=2059"},"modified":"2019-08-13T12:37:17","modified_gmt":"2019-08-13T10:37:17","slug":"silicon-led-neon-flex-band-24v-dc-16x16mm","status":"publish","type":"page","link":"https:\/\/www.neo-life.de\/html\/silicon-led-neon-flex-band-24v-dc-16x16mm\/","title":{"rendered":"Silicon LED Neon-Flex Band 24V DC 16X16mm"},"content":{"rendered":"<div class=\"entry-content\">\n<h2 class=\"entry-title\"><span style=\"color: #0000ff;\">FS-120L-16X16-24V dc<\/span><\/h2>\n<p><span style=\"font-size: 8pt;\"><span style=\"color: #999999;\"><strong><a style=\"color: #999999; text-decoration: underline;\" href=\"https:\/\/www.neo-life.de\/html\/neon-flex-zubehoer\/\">Neon-Flex Zubeh\u00f6r 240V und 12V\/24V<\/a><\/strong><\/span><\/span><span style=\"text-decoration: underline; color: #999999; font-size: 8pt;\"><strong><a style=\"color: #999999; text-decoration: underline;\" href=\"https:\/\/www.neo-life.de\/html\/neon-flex-zubehoer\/\"><br \/>\n<\/a><a href=\"https:\/\/www.neo-life.de\/html\/silicon-led-neon-flex-band-mini-12v-dc-und-24v-dc\/\">FS-SFXC-12V dc oder 24V dc (Mini)<\/a><a style=\"color: #999999; text-decoration: underline;\" href=\"https:\/\/www.neo-life.de\/html\/neon-flex-zubehoer\/\"><br \/>\n <\/a><\/strong><\/span><span style=\"color: #999999; font-size: 8pt;\"><a style=\"color: #999999;\" href=\"https:\/\/www.neo-life.de\/html\/silicon-led-neon-flex-band-supermini-12v-dc-und-24v-dc\/\"><strong>FS-SSFXC-12V dc oder 24V dc (Supermini)<\/strong><\/a><\/span><\/p>\n<p>&nbsp;<\/p>\n<p><a href=\"https:\/\/www.neo-life.de\/html\/silicon-led-neon-flex-band-12v-dc-und-24v-dc\/silicone-led-neon-flex-ww\/\" rel=\"attachment wp-att-1911\"><img loading=\"lazy\" decoding=\"async\" class=\"alignleft wp-image-1911 size-medium\" src=\"https:\/\/www.neo-life.de\/html\/wp-content\/uploads\/2018\/07\/Silicone-LED-Neon-Flex-ww-300x300.jpg\" alt=\"\" width=\"300\" height=\"300\" srcset=\"https:\/\/www.neo-life.de\/html\/wp-content\/uploads\/2018\/07\/Silicone-LED-Neon-Flex-ww-300x300.jpg 300w, https:\/\/www.neo-life.de\/html\/wp-content\/uploads\/2018\/07\/Silicone-LED-Neon-Flex-ww-100x100.jpg 100w, https:\/\/www.neo-life.de\/html\/wp-content\/uploads\/2018\/07\/Silicone-LED-Neon-Flex-ww-672x672.jpg 672w, https:\/\/www.neo-life.de\/html\/wp-content\/uploads\/2018\/07\/Silicone-LED-Neon-Flex-ww-150x150.jpg 150w, https:\/\/www.neo-life.de\/html\/wp-content\/uploads\/2018\/07\/Silicone-LED-Neon-Flex-ww-220x220.jpg 220w, https:\/\/www.neo-life.de\/html\/wp-content\/uploads\/2018\/07\/Silicone-LED-Neon-Flex-ww.jpg 700w\" sizes=\"auto, (max-width: 300px) 100vw, 300px\" \/><\/a><\/p>\n<p><a href=\"https:\/\/www.neo-life.de\/html\/?attachment_id=1923\"><img loading=\"lazy\" decoding=\"async\" class=\"wp-image-1923 size-medium alignleft\" src=\"https:\/\/www.neo-life.de\/html\/wp-content\/uploads\/2018\/07\/silicone-8x16-300x300.jpg\" alt=\"\" width=\"300\" height=\"300\" srcset=\"https:\/\/www.neo-life.de\/html\/wp-content\/uploads\/2018\/07\/silicone-8x16-300x300.jpg 300w, https:\/\/www.neo-life.de\/html\/wp-content\/uploads\/2018\/07\/silicone-8x16-100x100.jpg 100w, https:\/\/www.neo-life.de\/html\/wp-content\/uploads\/2018\/07\/silicone-8x16-672x672.jpg 672w, https:\/\/www.neo-life.de\/html\/wp-content\/uploads\/2018\/07\/silicone-8x16-150x150.jpg 150w, https:\/\/www.neo-life.de\/html\/wp-content\/uploads\/2018\/07\/silicone-8x16-220x220.jpg 220w, https:\/\/www.neo-life.de\/html\/wp-content\/uploads\/2018\/07\/silicone-8x16.jpg 700w\" sizes=\"auto, (max-width: 300px) 100vw, 300px\" \/><\/a><\/p>\n<p>&nbsp;<\/p>\n<p>&nbsp;<\/p>\n<p><a href=\"https:\/\/www.neo-life.de\/html\/?attachment_id=2060\" rel=\"attachment wp-att-1920\"><img loading=\"lazy\" decoding=\"async\" class=\"alignleft wp-image-2060 size-full\" src=\"https:\/\/www.neo-life.de\/html\/wp-content\/uploads\/2019\/08\/FS-120L-16x16-24V.jpg\" alt=\"\" width=\"1211\" height=\"895\" srcset=\"https:\/\/www.neo-life.de\/html\/wp-content\/uploads\/2019\/08\/FS-120L-16x16-24V.jpg 1211w, https:\/\/www.neo-life.de\/html\/wp-content\/uploads\/2019\/08\/FS-120L-16x16-24V-672x497.jpg 672w, https:\/\/www.neo-life.de\/html\/wp-content\/uploads\/2019\/08\/FS-120L-16x16-24V-300x222.jpg 300w, https:\/\/www.neo-life.de\/html\/wp-content\/uploads\/2019\/08\/FS-120L-16x16-24V-768x568.jpg 768w, https:\/\/www.neo-life.de\/html\/wp-content\/uploads\/2019\/08\/FS-120L-16x16-24V-1024x757.jpg 1024w\" sizes=\"auto, (max-width: 1211px) 100vw, 1211px\" \/><\/a><a href=\"https:\/\/www.neo-life.de\/html\/?attachment_id=2063\">Produktdatenblatt pdf.<\/a><\/p>\n<p><a href=\"https:\/\/www.neo-life.de\/html\/wp-content\/uploads\/2015\/04\/Montageanleitung.jpg\"><img loading=\"lazy\" decoding=\"async\" class=\"alignleft  wp-image-855\" src=\"https:\/\/www.neo-life.de\/html\/wp-content\/uploads\/2015\/04\/Montageanleitung.jpg\" sizes=\"auto, (max-width: 526px) 100vw, 526px\" srcset=\"https:\/\/www.neo-life.de\/html\/wp-content\/uploads\/2015\/04\/Montageanleitung.jpg 809w, https:\/\/www.neo-life.de\/html\/wp-content\/uploads\/2015\/04\/Montageanleitung-150x150.jpg 150w, https:\/\/www.neo-life.de\/html\/wp-content\/uploads\/2015\/04\/Montageanleitung-297x300.jpg 297w, https:\/\/www.neo-life.de\/html\/wp-content\/uploads\/2015\/04\/Montageanleitung-74x75.jpg 74w\" alt=\"LED Montageanleitung\" width=\"526\" height=\"531\" \/><\/a><\/p>\n<p>&nbsp;<\/p>\n<p>&nbsp;<\/p>\n<p>&nbsp;<\/p>\n<p>&nbsp;<\/p>\n<p>&nbsp;<\/p>\n<p>&nbsp;<\/p>\n<p>&nbsp;<\/p>\n<p>&nbsp;<\/p>\n<p>&nbsp;<\/p>\n<p>&nbsp;<\/p>\n<p>&nbsp;<\/p>\n<p><strong><a href=\"https:\/\/www.neo-life.de\/html\/wp-content\/uploads\/2015\/08\/Neon-Flex-Installation-.pdf\">Neon Flex Installation + Installationsanweisung<\/a><\/strong><\/p>\n<p>&nbsp;<\/p>\n<p>&nbsp;<\/p>\n<p><a href=\"https:\/\/www.neo-life.de\/html\/neon-flex-band-24v\/anwendung\/\" rel=\"attachment wp-att-1349\"><img loading=\"lazy\" decoding=\"async\" class=\"aligncenter size-full wp-image-1349\" src=\"https:\/\/www.neo-life.de\/html\/wp-content\/uploads\/2015\/08\/Anwendung.jpg\" sizes=\"auto, (max-width: 953px) 100vw, 953px\" srcset=\"https:\/\/www.neo-life.de\/html\/wp-content\/uploads\/2015\/08\/Anwendung.jpg 953w, https:\/\/www.neo-life.de\/html\/wp-content\/uploads\/2015\/08\/Anwendung-176x300.jpg 176w, https:\/\/www.neo-life.de\/html\/wp-content\/uploads\/2015\/08\/Anwendung-601x1024.jpg 601w, https:\/\/www.neo-life.de\/html\/wp-content\/uploads\/2015\/08\/Anwendung-109x186.jpg 109w, https:\/\/www.neo-life.de\/html\/wp-content\/uploads\/2015\/08\/Anwendung-44x75.jpg 44w\" alt=\"Anwendung\" width=\"953\" height=\"1625\" \/><\/a><\/p>\n<p>W I C H T I G E B E D I N G U N G E N<\/p>\n<p>\u00c4nderung und Korrektur der technischen Daten vorbehalten.<br \/>\n Die Gew\u00e4hrleistung erfolgt ausschliesslich f\u00fcr den Zustand der Ware bei Lieferung.<br \/>\n Nach Ver\u00e4nderung, Modifizierung, St\u00fcckelung, Verbindung oder Installation der Wareerfolgt die Gew\u00e4hrleistung ausschliesslich nach den Regelungen der Neo-Life Europe GmbH AGB<br \/>\n *Alle IP 65 Outdoor Produkte d\u00fcrfen ausschliesslich mit 100% wasserdicht versiegeltenVerbindungen und Abschl\u00fcssen installiert werden.<br \/>\n Bei Zuwiderhandlung wird die Gew\u00e4hrleistung der Neo-Life Europe GmbH auf das verkaufte Produkt unwirksam.<br \/>\n Zur Beachtung: L\u00e4ngung des Lichtschlauchs, dessen Montage und Anschluss sollte nur von Fachpersonal durchgef\u00fchrt werden.<br \/>\n Nur\u00a0 geeignete Zwei-Komponenten-Kleber einsetzen. Niemals Silikon verwenden!<\/p>\n<p><a href=\"https:\/\/www.neo-life.de\/html\/silicon-led-neon-flex-band-24v-dc-16x16mm\/fs-120l-16x16-24vdc-w-ww-r-g-b\/\" rel=\"attachment wp-att-2063\">FS-120L-16X16-24VDC W WW R G B<\/a><\/p>\n<\/div>\n","protected":false},"excerpt":{"rendered":"<p>FS-120L-16X16-24V dc Neon-Flex Zubeh\u00f6r 240V und 12V\/24V FS-SFXC-12V dc oder 24V dc (Mini) FS-SSFXC-12V dc oder 24V dc (Supermini) &nbsp; &nbsp; &nbsp; Produktdatenblatt pdf. &nbsp; &nbsp; &nbsp; &nbsp; &nbsp; &nbsp; &nbsp; &nbsp; &nbsp; &nbsp; &nbsp; Neon<a class=\"moretag\" href=\"https:\/\/www.neo-life.de\/html\/silicon-led-neon-flex-band-24v-dc-16x16mm\/\">Read More&#8230;<\/a><\/p>\n","protected":false},"author":2,"featured_media":0,"parent":0,"menu_order":0,"comment_status":"closed","ping_status":"closed","template":"","meta":{"footnotes":""},"class_list":["post-2059","page","type-page","status-publish","hentry"],"aioseo_notices":[],"_links":{"self":[{"href":"https:\/\/www.neo-life.de\/html\/wp-json\/wp\/v2\/pages\/2059","targetHints":{"allow":["GET"]}}],"collection":[{"href":"https:\/\/www.neo-life.de\/html\/wp-json\/wp\/v2\/pages"}],"about":[{"href":"https:\/\/www.neo-life.de\/html\/wp-json\/wp\/v2\/types\/page"}],"author":[{"embeddable":true,"href":"https:\/\/www.neo-life.de\/html\/wp-json\/wp\/v2\/users\/2"}],"replies":[{"embeddable":true,"href":"https:\/\/www.neo-life.de\/html\/wp-json\/wp\/v2\/comments?post=2059"}],"version-history":[{"count":5,"href":"https:\/\/www.neo-life.de\/html\/wp-json\/wp\/v2\/pages\/2059\/revisions"}],"predecessor-version":[{"id":2071,"href":"https:\/\/www.neo-life.de\/html\/wp-json\/wp\/v2\/pages\/2059\/revisions\/2071"}],"wp:attachment":[{"href":"https:\/\/www.neo-life.de\/html\/wp-json\/wp\/v2\/media?parent=2059"}],"curies":[{"name":"wp","href":"https:\/\/api.w.org\/{rel}","templated":true}]}}