{"id":1892,"date":"2018-01-29T09:41:57","date_gmt":"2018-01-29T08:41:57","guid":{"rendered":"https:\/\/www.neo-life.de\/html\/?page_id=1892"},"modified":"2018-01-29T09:41:58","modified_gmt":"2018-01-29T08:41:58","slug":"hinweise-zur-montage-led-neon-flex-und-led-lichterschlauch","status":"publish","type":"page","link":"https:\/\/www.neo-life.de\/html\/hinweise-zur-montage-led-neon-flex-und-led-lichterschlauch\/","title":{"rendered":"HINWEISE ZUR MONTAGE  LED Neon Flex und  LED LICHTERSCHLAUCH"},"content":{"rendered":"<table width=\"415\">\n<tbody>\n<tr>\n<td width=\"415\">Der LED-Neon Flex erreicht eine hohe Lichtintensit\u00e4t bei geringer Leistungsaufnahme. Die Lichtintensit\u00e4t von LED-Neon Flex resultiert aus der Verwendung von hochwertigen LEDs mit hoher Helligkeit in Verbindung mit einer neuartigen PVC-Mischung. Das optisch verbesserte PVC erh\u00f6ht die Homogenisierung des Lichtes, wodurch die Lumenanzahl erh\u00f6ht wird.<\/td>\n<\/tr>\n<\/tbody>\n<\/table>\n<table width=\"918\">\n<tbody>\n<tr>\n<td width=\"415\"><strong>Sicherheitshinweise<\/strong><\/td>\n<td width=\"503\">\u00a0<\/td>\n<\/tr>\n<tr>\n<td width=\"415\"><strong>\u20dd<\/strong> \u00dcberpr\u00fcfen Sie vor der Inbetriebnahme den Neon Flex auf eventuelle Besch\u00e4digungen, falls erkennbarer Verschlei\u00df oder sonstiges vorhanden ist, bitte nicht in Betrieb nehmen!<\/td>\n<td><strong>\u20dd<\/strong> Mechanische Belastungen und hohe Temperaturen sind zu vermeiden!<\/td>\n<\/tr>\n<tr>\n<td><strong>\u20dd<\/strong> Der Neon Flex ist f\u00fcr Kinder nicht geeignet!<\/td>\n<td width=\"503\"><strong>\u20dd<\/strong> Bei Sach- und Personensch\u00e4den, die durch unsachgem\u00e4\u00dfe Handhabung oder Nichtbeachten der Sicherheitshinweise auftreten, \u00fcbernehmen wir keine Haftung!<\/td>\n<\/tr>\n<tr>\n<td width=\"415\"><strong>\u20dd<\/strong> LED Bauteile sind komplexe Halbleiterprodukte, erh\u00f6hte Temperaturen reduzieren die Lebenserwartung in erheblichem Ma\u00df. Ein W\u00e4rmestau am Leuchtmittel muss unbedingt vermieden werden, da der K\u00fchlk\u00f6rper sonst seine Funktion nicht optimal wahrnehmen und es nur zu einer unzureichendem Konvektion (Luftaustausch) kommen kann.<\/td>\n<td width=\"503\"><strong>\u20dd<\/strong> Der Lichtschlauch darf nicht in aufgerolltem Zustand (z.B. auf der mitgelieferten Schlauchrolle betrieben werden), es droht \u00dcberhitzungsgefahr und damit Reduzierung der mittleren Lebensdauer.<\/td>\n<\/tr>\n<\/tbody>\n<\/table>\n<table width=\"415\">\n<tbody>\n<tr>\n<td width=\"415\"><strong>HINWEISE ZUR MONTAGE Zusammenbau IP 44<\/strong><\/td>\n<\/tr>\n<tr>\n<td width=\"415\"><strong>1.<\/strong> Wenn n\u00f6tig, schneiden Sie den Neon Flex an der daf\u00fcr vorgesehenen Markierung mit einem Messer oder einer Gartenschere zurecht. Diese Markierungen befinden sich alle 1.52 \/1\/0.91 \/0.915 \/ Meter auf dem Neon Flex.<\/td>\n<\/tr>\n<tr>\n<td width=\"415\"><strong>2.<\/strong> Nun dr\u00fccken Sie die Verbindungseinheit mit einer Zange in den Neon Flex, sodass sich die Kontakte des Neon Flex und der Verbindungseinheit ber\u00fchren. Die Verbindungseinheit muss vorsichtig bis zur H\u00e4lfte in den Neon Flex gepresst werden.<\/td>\n<\/tr>\n<tr>\n<td><strong>3.<\/strong> Das andere Ende des Neon Flex isolieren Sie mit der daf\u00fcr vorgesehenen Schutzkappe.<\/td>\n<\/tr>\n<tr>\n<td><strong>4.<\/strong> Der Anpressdruck beim montieren der Leuchte sollte mit etwa 10 \u2013 15 N\/cm2 erfolgen.<\/td>\n<\/tr>\n<tr>\n<td width=\"415\"><strong>5.<\/strong> Bitte das Produkt immer mit 2 Personen montieren (eine Person zum Andr\u00fccken, eine Person zum Halten der Papprundrolle). Bei\u00a0 der\u00a0 Verarbeitung\u00a0 der\u00a0 Produkte,\u00a0 insbesondere\u00a0 gro\u00dfer\u00a0 L\u00e4ngen\u00a0 von\u00a0 \u00fcber\u00a0 2\u00a0 m\u00a0 ist\u00a0 auf\u00a0 eine\u00a0 sorgsame Handhabung der Produkte zu achten, so dass durch unsachgem\u00e4\u00dfe Biegung keine Besch\u00e4digung der Leiterbahnen im Produkt erfolgen kann.<\/td>\n<\/tr>\n<tr>\n<td width=\"415\"><strong>6.<\/strong> Zur\u00a0 dauerhaften\u00a0 Befestigung\u00a0 der\u00a0 Produkte\u00a0 empfehlen\u00a0 wir\u00a0 unsere\u00a0 Halteklammern.\u00a0 Die\u00a0 Halte-klammern sind\u00a0\u00a0\u00a0 auch\u00a0\u00a0\u00a0\u00a0 als\u00a0 5cm oder 2m lange U Profilschienen erh\u00e4ltlich.\u00a0<\/td>\n<\/tr>\n<tr>\n<td width=\"415\"><strong>7.<\/strong> Klebstoff f\u00fcr IP44:\u00a0\u00a0\u00a0 Oberfl\u00e4chen m\u00fcssen sauber und trocken sein.\u00a0 setzen Sie die Mischd\u00fcse auf die Kartusche und lassen Sie ausreichend Klebstoff in die Anschlussbzw, Endkappe einflie\u00dfen. <strong>(Empfehlung: Weincon RK-7000)<\/strong><\/td>\n<\/tr>\n<tr>\n<td width=\"415\"><strong>8.<\/strong> Jetzt k\u00f6nnen Sie den Schrumpfschlauch\u00a0 Schutzmantel \u00fcber den Neon Flex \u00fcberst\u00fclpen und den Neon Flex mit der Versorgungseinheit verbinden. Damit diese Verbindung Dicht ist, sollten Sie den Schutzmantel mit einem Hei\u00dfluftf\u00f6hn bearbeiten.<\/td>\n<\/tr>\n<tr>\n<td><strong>9.<\/strong> Wenn alles sicher und fest verbunden ist, kann der Neon Flex in Betrieb genommen werden.<\/td>\n<\/tr>\n<tr>\n<td><strong>10.<\/strong> Der minimale Biegeradius in den Ecken sollte 5 cm nicht unterschreiten.<\/td>\n<\/tr>\n<tr>\n<td>\n<p><strong>Zur Beachtung: L\u00e4ngung des Lichtschlauchs, dessen Montage und Anschluss sollte nur von Fachpersonal durchgef\u00fchrt werden.<\/strong><\/p>\n<p><strong>Verwenden Sie auf keinen Fall den Sanit\u00e4r-Silikon f\u00fcr die Neon Flex Band<\/strong><\/p>\n<table width=\"415\">\n<tbody>\n<tr>\n<td style=\"width: 580px;\">\u00a0<\/td>\n<\/tr>\n<\/tbody>\n<\/table>\n<\/td>\n<\/tr>\n<\/tbody>\n<\/table>\n<p><a href=\"https:\/\/www.neo-life.de\/html\/neon-flex-band-24v\/anwendung\/\" rel=\"attachment wp-att-1349\"><img loading=\"lazy\" decoding=\"async\" class=\"aligncenter wp-image-1349 size-full\" src=\"https:\/\/www.neo-life.de\/html\/wp-content\/uploads\/2015\/08\/Anwendung.jpg\" alt=\"Anwendung\" width=\"953\" height=\"1625\" srcset=\"https:\/\/www.neo-life.de\/html\/wp-content\/uploads\/2015\/08\/Anwendung.jpg 953w, https:\/\/www.neo-life.de\/html\/wp-content\/uploads\/2015\/08\/Anwendung-672x1146.jpg 672w, https:\/\/www.neo-life.de\/html\/wp-content\/uploads\/2015\/08\/Anwendung-176x300.jpg 176w, https:\/\/www.neo-life.de\/html\/wp-content\/uploads\/2015\/08\/Anwendung-601x1024.jpg 601w, https:\/\/www.neo-life.de\/html\/wp-content\/uploads\/2015\/08\/Anwendung-44x75.jpg 44w\" sizes=\"auto, (max-width: 953px) 100vw, 953px\" \/><\/a><a href=\"https:\/\/www.neo-life.de\/html\/hinweise-zur-montage-led-neon-flex-und-led-lichterschlauch\/montageanleitung-2\/\" rel=\"attachment wp-att-1893\"><img loading=\"lazy\" decoding=\"async\" class=\"alignleft size-thumbnail wp-image-1893\" src=\"https:\/\/www.neo-life.de\/html\/wp-content\/uploads\/2018\/01\/Montageanleitung-150x150.jpg\" alt=\"\" width=\"150\" height=\"150\" srcset=\"https:\/\/www.neo-life.de\/html\/wp-content\/uploads\/2018\/01\/Montageanleitung-150x150.jpg 150w, https:\/\/www.neo-life.de\/html\/wp-content\/uploads\/2018\/01\/Montageanleitung-100x100.jpg 100w, https:\/\/www.neo-life.de\/html\/wp-content\/uploads\/2018\/01\/Montageanleitung-300x300.jpg 300w, https:\/\/www.neo-life.de\/html\/wp-content\/uploads\/2018\/01\/Montageanleitung-220x220.jpg 220w, https:\/\/www.neo-life.de\/html\/wp-content\/uploads\/2018\/01\/Montageanleitung.jpg 809w\" sizes=\"auto, (max-width: 150px) 100vw, 150px\" \/><\/a><\/p>\n","protected":false},"excerpt":{"rendered":"<p>Der LED-Neon Flex erreicht eine hohe Lichtintensit\u00e4t bei geringer Leistungsaufnahme. Die Lichtintensit\u00e4t von LED-Neon Flex resultiert aus der Verwendung von hochwertigen LEDs mit hoher Helligkeit in Verbindung mit einer neuartigen PVC-Mischung. Das optisch verbesserte PVC erh\u00f6ht<a class=\"moretag\" href=\"https:\/\/www.neo-life.de\/html\/hinweise-zur-montage-led-neon-flex-und-led-lichterschlauch\/\">Read More&#8230;<\/a><\/p>\n","protected":false},"author":2,"featured_media":0,"parent":0,"menu_order":0,"comment_status":"closed","ping_status":"closed","template":"","meta":{"footnotes":""},"class_list":["post-1892","page","type-page","status-publish","hentry"],"aioseo_notices":[],"_links":{"self":[{"href":"https:\/\/www.neo-life.de\/html\/wp-json\/wp\/v2\/pages\/1892","targetHints":{"allow":["GET"]}}],"collection":[{"href":"https:\/\/www.neo-life.de\/html\/wp-json\/wp\/v2\/pages"}],"about":[{"href":"https:\/\/www.neo-life.de\/html\/wp-json\/wp\/v2\/types\/page"}],"author":[{"embeddable":true,"href":"https:\/\/www.neo-life.de\/html\/wp-json\/wp\/v2\/users\/2"}],"replies":[{"embeddable":true,"href":"https:\/\/www.neo-life.de\/html\/wp-json\/wp\/v2\/comments?post=1892"}],"version-history":[{"count":8,"href":"https:\/\/www.neo-life.de\/html\/wp-json\/wp\/v2\/pages\/1892\/revisions"}],"predecessor-version":[{"id":1905,"href":"https:\/\/www.neo-life.de\/html\/wp-json\/wp\/v2\/pages\/1892\/revisions\/1905"}],"wp:attachment":[{"href":"https:\/\/www.neo-life.de\/html\/wp-json\/wp\/v2\/media?parent=1892"}],"curies":[{"name":"wp","href":"https:\/\/api.w.org\/{rel}","templated":true}]}}